{"id":1000,"date":"2024-05-28T12:16:20","date_gmt":"2024-05-28T12:16:20","guid":{"rendered":"http:\/\/albertohidalgo.es\/mentorias\/?page_id=1000"},"modified":"2024-07-19T10:55:13","modified_gmt":"2024-07-19T10:55:13","slug":"privacidad","status":"publish","type":"page","link":"https:\/\/albertohidalgo.es\/mentorias\/privacidad\/","title":{"rendered":"privacidad"},"content":{"rendered":"\t\t<div data-elementor-type=\"wp-page\" data-elementor-id=\"1000\" class=\"elementor elementor-1000\" data-elementor-post-type=\"page\">\n\t\t\t\t<div class=\"elementor-element elementor-element-cb7f15c e-flex e-con-boxed e-con e-parent\" data-id=\"cb7f15c\" data-element_type=\"container\">\n\t\t\t\t\t<div class=\"e-con-inner\">\n\t\t<div class=\"elementor-element elementor-element-84caba1 e-flex e-con-boxed e-con e-child\" data-id=\"84caba1\" data-element_type=\"container\">\n\t\t\t\t\t<div class=\"e-con-inner\">\n\t\t\t\t<div class=\"elementor-element elementor-element-72ed4799 elementor-widget elementor-widget-heading\" data-id=\"72ed4799\" data-element_type=\"widget\" data-widget_type=\"heading.default\">\n\t\t\t\t<div class=\"elementor-widget-container\">\n\t\t\t\t\t<h2 class=\"elementor-heading-title elementor-size-default\">Pol\u00edtica de privacidad\n<\/h2>\t\t\t\t<\/div>\n\t\t\t\t<\/div>\n\t\t\t\t<div class=\"elementor-element elementor-element-30063229 elementor-widget elementor-widget-text-editor\" data-id=\"30063229\" data-element_type=\"widget\" data-widget_type=\"text-editor.default\">\n\t\t\t\t<div class=\"elementor-widget-container\">\n\t\t\t\t\t\t\t\t\t<p><b>Responsable de los datos personales:&nbsp;<\/b>Excellence Makers SL, en lo adelante \u201c<b>albertohidalgo.es<\/b>\u201d, y cuyo correo electr\u00f3nico de contacto es hola@albertohidalgo.es<\/p>\n<p><b>Datos solicitados en el sitio web y finalidad del tratamiento.<\/b><\/p>\n<ul>\n<li aria-level=\"1\"><b>Nombre, apellidos y correo electr\u00f3nico en los formularios de contacto:&nbsp;<\/b>para realizar cualquier contacto directo con&nbsp;<b>albertohidalgo.es<\/b>, ya sea para plantear dudas, comentarios, sugerencias, solicitar un servicio o producto, o cualquier otra informaci\u00f3n. No suministrar los datos personales m\u00ednimos necesarios imposibilitar\u00e1 a&nbsp;<b>albertohidalgo.es<\/b>&nbsp;de responder a la petici\u00f3n.<\/li>\n<\/ul>\n<ul>\n<li aria-level=\"1\"><b>Nombre y correo electr\u00f3nico:&nbsp;<\/b>para poder realizar comentarios en el blog del sitio web.<\/li>\n<\/ul>\n<ul>\n<li aria-level=\"1\"><b>Nombre, apellidos, direcci\u00f3n, tel\u00e9fono, correo electr\u00f3nico, n\u00famero de identificaci\u00f3n fiscal:&nbsp;<\/b>se solicitar\u00e1 esta informaci\u00f3n al momento del pago del servicio, ello a los fines de procesar todo lo relacionado con el cliente.<\/li>\n<\/ul>\n<ul>\n<li aria-level=\"1\"><b>Nombre, tel\u00e9fono y correo electr\u00f3nico para newsletter:&nbsp;<\/b>con el debido consentimiento expreso y voluntario del titular de los datos, se solicitar\u00e1 en el sitio web la informaci\u00f3n m\u00ednima necesaria para enviar un bolet\u00edn comercial automatizado, donde se informar\u00e1 sobre publicidad, promociones y otra informaci\u00f3n de los servicios y\/o productos ofrecidos por&nbsp;<b>albertohidalgo.es<\/b><\/li>\n<\/ul>\n<ul>\n<li aria-level=\"1\"><b>Correo electr\u00f3nico:&nbsp;<\/b>se solicitar\u00e1 el correo electr\u00f3nico para poder acceder al \u00e1rea de cliente, de acuerdo a los datos suministrados al momento de crear la cuenta.<\/li>\n<\/ul>\n<p>Si el usuario tiene menos de 16 a\u00f1os, deber\u00e1 tener la autorizaci\u00f3n de sus padres o tutores legales para entregar sus datos personales.&nbsp;<b>albertohidalgo.es<\/b>&nbsp;no tiene manera de comprobar efectivamente la edad de los usuarios, por lo que queda eximida de cualquier responsabilidad, si el usuario no cumple con lo aqu\u00ed indicado.<\/p>\n<p><b>albertohidalgo.es<\/b>&nbsp;en todo momento velar\u00e1 porque el uso que se le da al sitio web, a los contenidos, y al tratamiento de los datos personales del usuario, se realicen de la forma m\u00e1s correcta. Para ello, el usuario siempre podr\u00e1 ejercer sus derechos de acceso, rectificaci\u00f3n, cancelaci\u00f3n, portabilidad, olvido u oposici\u00f3n, todo ello en fiel cumplimiento de las directrices de las leyes que rigen la materia, escribiendo al hola@albertohidalgo.es&nbsp;<\/p>\n<p>En ning\u00fan momento&nbsp;<b>albertohidalgo.es<\/b>&nbsp;compartir\u00e1 con terceros los datos que posee. En caso de hacerlo para cumplir con los servicios contratados por alg\u00fan participante, enviar la newsletter, cumplir con exigencias legales o para la administraci\u00f3n del sitio web, se proporcionar\u00e1n los debidos acuerdos de confidencialidad entre las partes.&nbsp;<\/p>\n<p>Los enlaces a terceros que se puedan encontrar en el sitio web poseen pol\u00edticas de privacidad ajenas a&nbsp;annaraventos.net. El acceso a estos sitios deber\u00e1 ser responsabilidad del usuario, siendo su responsabilidad conocerlas y su decisi\u00f3n aceptarlas o no.<\/p>\n<p><b>FORMULARIOS<\/b><\/p>\n<p>El sitio web dispone de 4 tipos de formularios:<\/p>\n<p><b>De contacto:&nbsp;<\/b>el usuario, cliente o participante&nbsp;podr\u00e1 encontrar formularios que facilitar\u00e1n la comunicaci\u00f3n con&nbsp;annaraventos.net&nbsp;para plantear dudas, comentarios, solicitar un presupuesto, reservar alguno de los servicios ofrecidos en el sitio web o exigir alg\u00fan derecho que tenga. No suministrar los datos personales m\u00ednimos necesarios imposibilitar\u00e1 a&nbsp;annaraventos.net&nbsp;responder a la petici\u00f3n. Este tratamiento se considerar\u00e1 leg\u00edtimo por ser parte de una diligencia pre-contractual. El servidor del sitio web y del correo electr\u00f3nico de&nbsp;annaraventos.net&nbsp;ser\u00e1n los encargados del tratamiento.<\/p>\n<p><\/p>\n<p><b>De publicidad:<\/b>&nbsp;se solicitar\u00e1 a los usuarios, compradores o participantes su consentimiento expreso y voluntario para entregar a&nbsp;annaraventos.net, los m\u00ednimos datos necesarios para enviar publicidad e informaci\u00f3n comercial relacionada con los servicios y\/o productos ofrecidos por&nbsp;annaraventos.net, para que se agregue a un fichero automatizado de&nbsp;<i>email marketing<\/i>&nbsp;gestionado por el encargado del tratamiento que se indica m\u00e1s abajo. El tratamiento de los datos personales que se encuentren en esta secci\u00f3n, se ha hecho con el consentimiento del titular de los datos.<\/p>\n<p><b>Para comentarios en el blog:&nbsp;<\/b>en aras de evitar el&nbsp;<i>spam<\/i>, mensajes inadecuados, y hacer un correcto seguimiento, se solicitar\u00e1 al usuario su nombre, email y sitio web para identificarlo en los comentarios que desee realizar en las entradas del blog. Estos datos ser\u00e1n visibles para otros usuarios del sitio web. Si no desea que los datos sean visibles por otras personas, deber\u00e1 comunicarse con&nbsp;annaraventos.net&nbsp;al correo electr\u00f3nico hola@albertohidalgo.es El servidor del sitio web ser\u00e1 el encargado del tratamiento y que se realizar\u00e1 con el consentimiento del titular de los datos.&nbsp;<\/p>\n<p><b>Para procesar la solicitud del servicio:&nbsp;<\/b>se solicitar\u00e1 a los usuarios, clientes o participantes sus datos para que&nbsp;annaraventos.net&nbsp;pueda procesar los servicios solicitados por el cliente. Tratamiento leg\u00edtimo de datos personales por la relaci\u00f3n contractual que existe con el cliente o participante. Los datos ser\u00e1n guardados en el servidor del sitio web.<\/p>\n<p><b>DERECHOS DE LOS TITULARES DE DATOS PERSONALES:<\/b><\/p>\n<p><b>Informaci\u00f3n y Acceso:<\/b>&nbsp;el usuario puede dirigirse a&nbsp;<b>albertohidalgo.es&nbsp;<\/b>para saber informarse sobre el tratamiento de sus datos personales, especialmente con relaci\u00f3n a: los fines del tratamiento, las categor\u00edas de datos que se tratan, los destinatarios de los datos, el plazo de conservaci\u00f3n de los datos, el origen de los datos cuando no se han obtenido del propio titular, la existencia de decisiones automatizadas y el tratamiento transfronterizo de datos personales. El usuario podr\u00e1 solicitar una copia de los datos personales que son objeto del tratamiento<\/p>\n<p><b>Rectificaci\u00f3n:&nbsp;<\/b>el usuario puede en cualquier momento rectificar los datos inexactos que haya suministrado a&nbsp;<b>albertohidalgo.es,&nbsp;<\/b>o complementar aquellos que se encuentren incompletos.<\/p>\n<p><b>Oposici\u00f3n<\/b>: El usuario podr\u00e1 oponerse al tratamiento de sus datos personales, cuando el tratamiento est\u00e9 basado en una misi\u00f3n de inter\u00e9s p\u00fablico o en el inter\u00e9s leg\u00edtimo, en estos casos,&nbsp;<b>albertohidalgo.es&nbsp;<\/b>dejar\u00e1 de tratar los datos salvo que existan motivos imperiosos que prevalezcan sobre los intereses, derechos y libertades del interesado, o para la formulaci\u00f3n, el ejercicio o la defensa de reclamaciones.&nbsp;<b>albertohidalgo.es&nbsp;<\/b>dejar\u00e1 de tratar los datos, en los casos de oposici\u00f3n al tratamiento para fines de mercadotecnia directa.<\/p>\n<p><b>Supresi\u00f3n:<\/b>&nbsp;El titular podr\u00e1 solicitar la eliminaci\u00f3n de sus datos personales,&nbsp;&nbsp;<b>albertohidalgo.es&nbsp;<\/b>realizar\u00e1 la supresi\u00f3n siempre que el tratamiento no sea necesario para el ejercicio de la libertad de expresi\u00f3n e informaci\u00f3n, para el cumplimiento de una obligaci\u00f3n legal, para el cumplimiento de una misi\u00f3n realizada en inter\u00e9s p\u00fablico o en el ejercicio de poderes p\u00fablicos conferidos a&nbsp;<b>albertohidalgo.es<\/b>, por razones de inter\u00e9s p\u00fablico, en el \u00e1mbito de la salud p\u00fablica, con fines de archivo de inter\u00e9s p\u00fablico, fines de investigaci\u00f3n cient\u00edfica o hist\u00f3rica o fines estad\u00edsticos, o para la formulaci\u00f3n, el ejercicio o la defensa de reclamaciones.<\/p>\n<p><b>Limitaci\u00f3n al tratamiento:<\/b>&nbsp;El titular podr\u00e1 solicitar la limitaci\u00f3n del tratamiento de sus datos personales cuando impugne la exactitud, durante un plazo que permita al responsable su verificaci\u00f3n o cuando exista oposici\u00f3n en cuanto sea la procedencia de la oposici\u00f3n.&nbsp;<b>albertohidalgo.es<\/b><\/p>\n<p><b>Portabilidad:<\/b>&nbsp;El titular podr\u00e1 solicitar una copia de sus datos personales que hayan sido obtenidos por medios automatizados o que \u00e9stos se transmitan a otro encargado de tratamiento.&nbsp;<b>albertohidalgo.es&nbsp;<\/b>los entregar\u00e1 en un formato estructurado, de uso com\u00fan, de lectura mec\u00e1nica e interoperable,&nbsp; siempre que el tratamiento se legitime con base en el consentimiento o en el marco de la ejecuci\u00f3n de un contrato.<\/p>\n<p><b>No ser objeto de decisiones individuales automatizadas<\/b>:&nbsp;<b>albertohidalgo.es&nbsp;<\/b>realizar\u00e1 perfiles automatizados de los usuario \u00fanicamente cuando sean necesarios para la celebraci\u00f3n o ejecuci\u00f3n de un contrato, o cuando haya obtenido previamente el consentimiento del titular. En todos los casos,&nbsp;<b>albertohidalgo.es&nbsp;<\/b>garantizar\u00e1 el derecho del titular de obtener una intervenci\u00f3n humana y al titular la posibilidad de expresar su punto de vista o impugnar la decisi\u00f3n.<\/p>\n<p><b>ENCARGADOS DEL TRATAMIENTO<\/b><\/p>\n<p><b>albertohidalgo.es<\/b>&nbsp;necesita el apoyo de terceros para ofrecer adecuadamente sus servicios y productos, con los cuales celebra los debidos acuerdos de confidencialidad y verifica el cumplimiento de las normativas sobre protecci\u00f3n de datos personales.&nbsp;<\/p>\n<p>Los datos suministrados a estos terceros no podr\u00e1n ser utilizados para otros fines no autorizados por el titular de los datos.&nbsp;<\/p>\n<p>En cumplimiento de los principios de informaci\u00f3n y transparencia, se hace saber que estos terceros son:<\/p>\n<ul>\n<li aria-level=\"1\">Active campaign: Utilizada para el email marketing y gesti\u00f3n de clientes. Este servicio estar\u00e1 a cargo de la compa\u00f1\u00eda ActiveCampaign, LLC, cuya oficina est\u00e1 ubicada en la ciudad de Chicago, EEUU. &nbsp; Han adoptado cl\u00e1usulas tipo de procesamiento de datos aprobadas por la Comisi\u00f3n Europea, que pueden ser consultadas en este enlace: https:\/\/www.activecampaign.com\/gdpr-updates\/. Puedes ver m\u00e1s informaci\u00f3n sobre pol\u00edtica de privacidad aqu\u00ed en https:\/\/www.activecampaign.com\/privacy-policy\/<\/li>\n<li aria-level=\"1\">Google Analytics:&nbsp; Servicio de an\u00e1lisis web, para ver las estad\u00edsticas del uso del sitio web, a cargo de la empresa Google LLC, ubicada en Mountain View, California, Estados Unidos de Am\u00e9rica. Han adoptado cl\u00e1usulas tipo de procesamiento de datos aprobadas por la Comisi\u00f3n Europea que pueden ser consultadas en: https:\/\/cloud.google.com\/security\/gdpr\/resource-center. Si desea obtener m\u00e1s informaci\u00f3n sobre su pol\u00edtica de privacidad puede consultar: https:\/\/policies.google.com\/privacy<\/li>\n<li aria-level=\"1\">Google Drive: herramienta dedicada a almacenar en la nube una copia de seguridad de los archivos y acceder a ellos f\u00e1cilmente. Este servicio est\u00e1 a cargo de la empresa Google LLC, ubicada en Mountain View, California, Estados Unidos de Am\u00e9rica. Han adoptado cl\u00e1usulas tipo de procesamiento de datos aprobadas por la Comisi\u00f3n Europea que pueden ser consultadas en: https:\/\/cloud.google.com\/security\/gdpr\/resource-center. Si desea obtener m\u00e1s informaci\u00f3n sobre su pol\u00edtica de privacidad puede consultar: https:\/\/policies.google.com\/privacy<\/li>\n<li aria-level=\"1\">MailerLite: herramienta utilizada para automatizar los boletines de informaci\u00f3n comercial y enviar al correo electr\u00f3nico del titular de los datos, publicidad de los productos y\/o servicios ofrecidos en el sitio web, gestionada por MailerLite Limited, sociedad registrada en Irlanda, con domicilio en Ground Floor, 71 Lower Baggot Street, Dubl\u00edn 2, D02 P593, Irlanda, si la direcci\u00f3n de facturaci\u00f3n del Cliente en el Formulario de Pedido aplicable se ubica en el EEE, Reino Unido y Suiza o&nbsp; por MailerLite, Inc., sociedad de Delaware, domiciliada en 548 Market St, PMB 98174, San Francisco, California 94104-5401, Estados Unidos, si la direcci\u00f3n de facturaci\u00f3n del Cliente en el Formulario de pedido aplicable se ubica en cualquier otra parte del mundo. Para m\u00e1s informaci\u00f3n visite: https:\/\/www.mailerlite.com\/es\/legal<\/li>\n<li aria-level=\"1\">PayPal (Europe) S.\u00e0 r.l. et Cie, S.C.A.: empresa utilizada para gestionar los pagos mediante tarjeta de d\u00e9bito y&nbsp; cr\u00e9dito en el sitio web. Ubicada en 22-24 Boulevard Royal L-2449, Luxemburgo. Para m\u00e1s informaci\u00f3n puede visitar https:\/\/www.paypal.com\/es\/webapps\/mpp\/ua\/privacy-full?locale.x=es_ES<\/li>\n<li aria-level=\"1\">Pixel de Facebook: herramienta de an\u00e1lisis para publicidad, utilizado para conocer las acciones de los titulares de los datos en este sitio web. Este servicio es proporcionado por Facebook, Inc., que est\u00e1 ubicada en 1601 Willow Road Menlo Park, CA 94025, Estados Unidos de Am\u00e9rica. En caso de estar fuera de los Estados Unidos de Am\u00e9rica o Canad\u00e1, la entidad de control de datos responsable de la informaci\u00f3n es Facebook&nbsp;Ireland&nbsp;Ltd., que se encuentra ubicada en 4 Grand Canal Square Grand Canal Harbour, Dubl\u00edn 2, Irlanda. Han adoptado cl\u00e1usulas tipo de procesamiento de datos aprobadas por la Comisi\u00f3n Europea que pueden ser consultadas en: https:\/\/www.facebook.com\/legal\/terms\/dataprocessing. Para obtener m\u00e1s informaci\u00f3n sobre la pol\u00edtica de privacidad ingresa en&nbsp; https:\/\/www.facebook.com\/privacy\/explanation<\/li>\n<li aria-level=\"1\">Stripe: herramienta utilizada para gestionar los pagos mediante tarjeta de d\u00e9bito y cr\u00e9dito en el sitio web. El servicio es prestado por Stripe Inc que est\u00e1 ubicada en los Estados Unidos. Han adoptado cl\u00e1usulas tipo de procesamiento de datos aprobadas por la Comisi\u00f3n Europea que pueden ser consultadas en: https:\/\/stripe.com\/dpa\/legal. Para m\u00e1s informaci\u00f3n en https:\/\/stripe.com\/us\/privacy<\/li>\n<li aria-level=\"1\">Wetopi: servicio de hospedaje o alojamiento web (hosting), suministrado por la empresa Inte, implantaci\u00f3n de nuevas t\u00e9cnicas empresariales, S.L. CIF B61386777, inscrita en el Registro Mercantil de Barcelona, tomo 29858, folio 0073, hoja 163237 inscripci\u00f3n 1\u00aa,&nbsp; con domicilio social en C\/Granollers 51 \u2013 08173 de Sant Cugat del Valles , Barcelona \u2013 Espa\u00f1a, catalogada por Dun&amp;Bradstreet con N\u00famero D-U-N-S: 564329605. Para m\u00e1s informaci\u00f3n sobre su pol\u00edtica de privacidad&nbsp; ingresa a: https:\/\/wetopi.com\/es\/legal\/<\/li>\n<li aria-level=\"1\">Zoho CRM: servicio de gesti\u00f3n de relaciones con clientes. Zoho Corporation est\u00e1 ubicada en 4141 Hacienda Drive Pleasanton, California 94588, Estados Unidos de Am\u00e9rica y puede contactarse por medio del correo electr\u00f3nico sales@zohocorp.com. Ha adoptado cl\u00e1usulas \u2013 tipo aprobadas por la Comisi\u00f3n Europea que pueden consultarse en: https:\/\/www.zoho.com\/gdpr.html. Su pol\u00edtica de privacidad puede consultarse en https:\/\/www.zoho.com\/es-xl\/privacy.html<\/li>\n<\/ul>\n<p>En casos puntales&nbsp;<b>albertohidalgo.es<\/b>&nbsp;podr\u00e1 utilizar aplicaciones o herramientas que no hayan sido incluidas o nombradas en este listado, lo anterior por ser una mejor opci\u00f3n que coadyuve a la realizaci\u00f3n de una determinada tarea; si esto sucediera&nbsp;<b>albertohidalgo.es<\/b>&nbsp;notificar\u00e1 de esta situaci\u00f3n a sus usuarios, clientes o participantes seg\u00fan fuere el caso.&nbsp;<\/p>\n<p><b>POL\u00cdTICAS RELACIONADAS CON LA NEWSLETTER<\/b><\/p>\n<p>Estas pol\u00edticas se entender\u00e1n en todo momento como parte complementaria de los t\u00e9rminos y condiciones expuestos en el sitio web, siendo ambos de igual aplicaci\u00f3n al momento de una controversia. La pol\u00edtica de privacidad y de propiedad intelectual aplicada ser\u00e1 la misma que se expone en los t\u00e9rminos y condiciones del sitio web.<\/p>\n<p>Se entender\u00e1 como \u201cnewsletter\u201d al bolet\u00edn digital que&nbsp;<b>albertohidalgo.es&nbsp;<\/b>realiza de forma peri\u00f3dica y que hace llegar a sus suscriptores a trav\u00e9s de un proveedor de servicios de correo electr\u00f3nico externo, al cual el usuario se ha suscrito de manera voluntaria.&nbsp;<\/p>\n<p><b>albertohidalgo.es<\/b>&nbsp;no est\u00e1 en la obligaci\u00f3n de enviar en per\u00edodos de tiempo definidos la newsletter, por lo que es totalmente libre de hacerlo cuando lo estime conveniente. El usuario podr\u00e1 en todo momento ejercer sus derechos de acceso, rectificaci\u00f3n, cancelaci\u00f3n u oposici\u00f3n siguiendo las instrucciones que encontrar\u00e1 en el pie de p\u00e1gina de la newsletter.<\/p>\n<p>El usuario no deber\u00e1 compartir su contenido con terceros, ya que esto violar\u00eda los derechos de autor de&nbsp;<b>albertohidalgo.es<\/b>. El \u00fanico canal de distribuci\u00f3n posible es el administrado y\/o autorizado por&nbsp;<b>albertohidalgo.es<\/b><\/p>\n<p><b>albertohidalgo.es<\/b>&nbsp;no se har\u00e1 responsable por el contenido de terceros expuesto en la newsletter, cualquier controversia que surja deber\u00e1 ser tratada directamente con la persona o empresa de la cual se hace menci\u00f3n.<\/p>\n<p>Todo el material que se expone en la newsletter est\u00e1 protegido por derechos de autor a favor de&nbsp;<b>albertohidalgo.es<\/b>, y en el caso de pertenecer a terceros, se entender\u00e1 que&nbsp;<b>albertohidalgo.es&nbsp;<\/b>tiene la debida autorizaci\u00f3n para utilizarlo como se haya convenido con el autor.<\/p>\n<p><b>DURACI\u00d3N DEL TRATAMIENTO<\/b><\/p>\n<p>En el caso de los datos personales suministrados para facturaci\u00f3n y compra de productos o servicios, ser\u00e1n guardados por el tiempo legalmente aplicable.<\/p>\n<p>En el caso de los datos personales suministrados para boletines comerciales electr\u00f3nicos y comentarios en el blog, ser\u00e1 por el tiempo que el titular de los datos desee permanecer en la lista de suscripci\u00f3n, por lo que podr\u00e1 darse de baja en el momento que as\u00ed lo desee, de forma autom\u00e1tica como se indica en cada bolet\u00edn, o escribiendo al hola@albertohidalgo.es<\/p>\t\t\t\t\t\t\t\t<\/div>\n\t\t\t\t<\/div>\n\t\t\t\t\t<\/div>\n\t\t\t\t<\/div>\n\t\t\t\t\t<\/div>\n\t\t\t\t<\/div>\n\t\t\t\t<\/div>\n\t\t","protected":false},"excerpt":{"rendered":"<p>Pol\u00edtica de privacidad Responsable de los datos personales:&nbsp;Excellence Makers SL, en lo adelante \u201calbertohidalgo.es\u201d, y cuyo correo electr\u00f3nico de contacto es hola@albertohidalgo.es Datos solicitados en el sitio web y finalidad del tratamiento. Nombre, apellidos y correo electr\u00f3nico en los formularios de contacto:&nbsp;para realizar cualquier contacto directo con&nbsp;albertohidalgo.es, ya sea para plantear dudas, comentarios, sugerencias, solicitar [&hellip;]<\/p>\n","protected":false},"author":1,"featured_media":0,"parent":0,"menu_order":0,"comment_status":"closed","ping_status":"closed","template":"elementor_header_footer","meta":{"footnotes":""},"class_list":["post-1000","page","type-page","status-publish","hentry"],"jetpack_sharing_enabled":true,"_links":{"self":[{"href":"https:\/\/albertohidalgo.es\/mentorias\/wp-json\/wp\/v2\/pages\/1000","targetHints":{"allow":["GET"]}}],"collection":[{"href":"https:\/\/albertohidalgo.es\/mentorias\/wp-json\/wp\/v2\/pages"}],"about":[{"href":"https:\/\/albertohidalgo.es\/mentorias\/wp-json\/wp\/v2\/types\/page"}],"author":[{"embeddable":true,"href":"https:\/\/albertohidalgo.es\/mentorias\/wp-json\/wp\/v2\/users\/1"}],"replies":[{"embeddable":true,"href":"https:\/\/albertohidalgo.es\/mentorias\/wp-json\/wp\/v2\/comments?post=1000"}],"version-history":[{"count":19,"href":"https:\/\/albertohidalgo.es\/mentorias\/wp-json\/wp\/v2\/pages\/1000\/revisions"}],"predecessor-version":[{"id":1600,"href":"https:\/\/albertohidalgo.es\/mentorias\/wp-json\/wp\/v2\/pages\/1000\/revisions\/1600"}],"wp:attachment":[{"href":"https:\/\/albertohidalgo.es\/mentorias\/wp-json\/wp\/v2\/media?parent=1000"}],"curies":[{"name":"wp","href":"https:\/\/api.w.org\/{rel}","templated":true}]}}